{"id":169,"date":"2024-09-13T17:29:22","date_gmt":"2024-09-13T17:29:22","guid":{"rendered":"https:\/\/casinoenlinea.ltd\/co\/?page_id=169"},"modified":"2024-09-19T07:13:55","modified_gmt":"2024-09-19T07:13:55","slug":"sobre-nosotros","status":"publish","type":"page","link":"https:\/\/casinoenlinea.ltd\/co\/sobre-nosotros\/","title":{"rendered":"Sobre nosotros"},"content":{"rendered":"<div class=\"container\">\n<h1 class=\"about_page__title\">Sobre nosotros<\/h1>\n<img decoding=\"async\" class=\"about_page__image about_page__image_right alignnone wp-image-32597 size-large\" src=\"https:\/\/casinoenlinea.ltd\/wp-content\/uploads\/2024\/07\/messager-image.svg\" alt=\"messager image\" width=\"1024\" height=\"602\" \/>\n<p>Casinoenlinea ha sido creado para ayudar a los usuarios a tomar la decisi\u00f3n correcta al evaluar una variedad de sitios web, plataformas, servicios y aplicaciones de casinos. Nuestro equipo de expertos de la industria se ha familiarizado con todos los detalles importantes del sector de los casinos en l\u00ednea. Nuestras tablas, listas, rese\u00f1as, gu\u00edas y consejos est\u00e1n disponibles de forma gratuita y est\u00e1n destinados a proporcionarte la informaci\u00f3n que necesitas para tomar la decisi\u00f3n correcta.<\/p>\n<div class=\"about_page__grey_tip\">\n<h3>Nuestra misi\u00f3n<\/h3>\n<p>El campo de los casinos en Colombia nunca ha estado tan llena de opciones disponibles como lo est\u00e1 ahora. Con la publicidad en TV y medios, y el patrocinio de equipos que incluye publicidad en camisetas, est\u00e1 claro que el apostador tiene un verdadero abanico de opciones de casinos en l\u00ednea a su disposici\u00f3n.<\/p>\n<p>Queremos que apuestes de forma segura, responsable y con confianza en los casinos en l\u00ednea correctos, que te proporcionen exactamente lo que deseas obtener de tus sitios preferidos. No queremos que te dejes llevar por una oferta de bienvenida que suene deslumbrante, pero que al aceptarla descubras que ofrece menos de lo que pensabas. Te ayudamos a navegar por el a menudo confuso mundo de los casinos online para que encuentres los mejores tratos que sean realmente justos y que a\u00f1adan valor a tu experiencia.<\/p>\n<p>Por encima de todo, queremos que apuestes legalmente y que todos tus datos personales y financieros importantes se mantengan seguros en sitios que cuenten con herramientas de encriptaci\u00f3n estrictas y pol\u00edticas de privacidad adecuadas.<\/p>\n<\/div>\n<\/div>\n<div class=\"about_page__light_background\">\n<div class=\"container\">\n<h2>Tu gu\u00eda de casinos en l\u00ednea segura y confiable<\/h2>\n<\/div>\n<\/div>\n<div class=\"container\"><div class=\"authors-list__wrapper\">\n    \n    <div class=\"authors-list__section-description\">Hemos trabajado arduamente para reunir al mejor equipo posible de expertos en la industria del juego en Colombia, y todos ellos se esfuerzan por ofrecerte el mejor contenido informativo y educativo. Contamos con un equipo muy vers\u00e1til, que combina periodistas experimentados con expertos en casinos y analistas de iGaming. Ning\u00fan otro sitio puede ofrecerte un equipo tan experimentado, creando p\u00e1gina tras p\u00e1gina de contenido valioso y atractivo.<\/div>\n    <div class=\"authors-list authors-list__about-us\">\n        <div class=\"authors-list__author \">\n    <a class=\"authors-list__author-avatar\" href=\"https:\/\/casinoenlinea.ltd\/co\/blog\/author\/gilbertosanchez\/\" aria-label=\"Gilberto Rojas\">\n        <img decoding=\"async\" src=\"https:\/\/casinoenlinea.ltd\/co\/wp-content\/uploads\/sites\/64\/2024\/09\/Foto-yo-mia-con-marco-240x140.png\" width=\"96\" height=\"56\" srcset=\"https:\/\/casinoenlinea.ltd\/co\/wp-content\/uploads\/sites\/64\/2024\/09\/Foto-yo-mia-con-marco-240x140.png 2x\" alt=\"Gilberto Rojas\" class=\"avatar avatar-96 wp-user-avatar wp-user-avatar-96 alignnone photo\" \/>\n    <\/a>\n    <a class=\"authors-list__author-name\" href=\"https:\/\/casinoenlinea.ltd\/co\/blog\/author\/gilbertosanchez\/\">\n        Gilberto Rojas\n    <\/a>\n    <div class=\"authors-list__author-job\">\n        <div class=\"author_section__label__wrapper\" style=\"background: #D2FFE6;\">\n    <div class=\"author_section__label_icon\" style=\"background: #AFF2CD;\">\n        <svg width=\"10\" height=\"11\" viewBox=\"0 0 10 11\" fill=\"none\" xmlns=\"http:\/\/www.w3.org\/2000\/svg\">\n            <g clip-path=\"url(#clip0_8510_29570)\">\n                <path d=\"M8.70169 1.729L3.58867 6.81546L1.13308 4.36164L0 5.49472L3.77634 9.27106L10 3.02732L8.70169 1.729Z\"\n                      fill=\"#014C6B\"\/>\n            <\/g>\n            <defs>\n                <clipPath id=\"clip0_8510_29570\">\n                    <rect width=\"10\" height=\"10\" fill=\"white\" transform=\"translate(0 0.5)\"\/>\n                <\/clipPath>\n            <\/defs>\n        <\/svg>\n    <\/div>\n    <div class=\"author_section__label \" style=\"color: #2E364E;\">\n        Betting Expert\n    <\/div>\n<\/div>\n\n    <\/div>\n    <div class=\"authors-list__author-stats\">\n        3 Articles\n    <\/div>\n    <div class=\"authors-list__author-socials\">\n        \n    <\/div>\n<\/div>\n<div class=\"authors-list__author \">\n    <a class=\"authors-list__author-avatar\" href=\"https:\/\/casinoenlinea.ltd\/co\/blog\/author\/cposadacontacto\/\" aria-label=\"Carolina Posada Osorio\">\n        <img alt='Carolina Posada Osorio' src='https:\/\/secure.gravatar.com\/avatar\/850eb2dcfa76e832d3377991266691d10ed603d4942a8f6437bcacbbeff9914a?s=96&#038;d=mm&#038;r=g' srcset='https:\/\/secure.gravatar.com\/avatar\/850eb2dcfa76e832d3377991266691d10ed603d4942a8f6437bcacbbeff9914a?s=192&#038;d=mm&#038;r=g 2x' class='avatar avatar-96 photo' height='96' width='96' \/>\n    <\/a>\n    <a class=\"authors-list__author-name\" href=\"https:\/\/casinoenlinea.ltd\/co\/blog\/author\/cposadacontacto\/\">\n        Carolina Posada Osorio\n    <\/a>\n    <div class=\"authors-list__author-job\">\n        <div class=\"author_section__label__wrapper\" style=\"background: #D2FFE6;\">\n    <div class=\"author_section__label_icon\" style=\"background: #AFF2CD;\">\n        <svg width=\"10\" height=\"11\" viewBox=\"0 0 10 11\" fill=\"none\" xmlns=\"http:\/\/www.w3.org\/2000\/svg\">\n            <g clip-path=\"url(#clip0_8510_29570)\">\n                <path d=\"M8.70169 1.729L3.58867 6.81546L1.13308 4.36164L0 5.49472L3.77634 9.27106L10 3.02732L8.70169 1.729Z\"\n                      fill=\"#014C6B\"\/>\n            <\/g>\n            <defs>\n                <clipPath id=\"clip0_8510_29570\">\n                    <rect width=\"10\" height=\"10\" fill=\"white\" transform=\"translate(0 0.5)\"\/>\n                <\/clipPath>\n            <\/defs>\n        <\/svg>\n    <\/div>\n    <div class=\"author_section__label \" style=\"color: #2E364E;\">\n        Betting Expert\n    <\/div>\n<\/div>\n\n    <\/div>\n    <div class=\"authors-list__author-stats\">\n        1 Articles\n    <\/div>\n    <div class=\"authors-list__author-socials\">\n        \n    <\/div>\n<\/div>\n\n    <\/div>\n    <div class=\"authors-list__pagination\"><\/div>\n<\/div>\n<\/div>\n<div class=\"about_page__light_background\">\n<div class=\"container\">\n<h2><strong>Hemos sido mencionados en:<\/strong><\/h2>\n<p>Nos complace informar que hemos ganado una reputaci\u00f3n positiva. Nuestros servicios han sido mencionados, casi universalmente en t\u00e9rminos elogiosos, por algunas de las organizaciones de medios m\u00e1s confiables del mundo, incluyendo la BBC, CNN, Yahoo Finance, Wired y muchos otros.<\/p>\n<div class=\"about_page__companies_logos\"><img decoding=\"async\" src=\"https:\/\/casinoenlinea.ltd\/wp-content\/uploads\/2024\/07\/cnn-logo.svg\" alt=\"cnn logo\" \/><br \/>\n<img decoding=\"async\" src=\"https:\/\/casinoenlinea.ltd\/wp-content\/uploads\/2024\/07\/bitcoin-logo.png\" alt=\"bitcoin logo\" \/><br \/>\n<img decoding=\"async\" src=\"https:\/\/casinoenlinea.ltd\/wp-content\/uploads\/2024\/07\/bussiness-logo.svg\" alt=\"bussiness logo\" \/><br \/>\n<img decoding=\"async\" src=\"https:\/\/casinoenlinea.ltd\/wp-content\/uploads\/2024\/07\/bbc-logo.png\" alt=\"bbc logo\" \/><br \/>\n<img decoding=\"async\" src=\"https:\/\/casinoenlinea.ltd\/wp-content\/uploads\/2024\/07\/yahoo-finance-logo.svg\" alt=\"yahoo finance logo\" \/><br \/>\n<img decoding=\"async\" src=\"https:\/\/casinoenlinea.ltd\/wp-content\/uploads\/2024\/07\/wired-logo.png\" alt=\"wired logo\" \/><\/div>\n<\/div>\n<\/div>\n<div class=\"container\">\n<h2>Legislaci\u00f3n del juego en l\u00ednea<\/h2>\n<img decoding=\"async\" class=\"about_page__image about_page__image_left alignnone wp-image-32598 size-large\" title=\"shield image\" src=\"https:\/\/casinoenlinea.ltd\/wp-content\/uploads\/2024\/07\/shield-image.svg\" alt=\"shield image\" width=\"1024\" height=\"610\" \/>\n<p>Por supuesto, es vital que a trav\u00e9s de Casinoenlinea puedas mantenerte al d\u00eda con los \u00faltimos movimientos implementados por la ley de juegos en l\u00ednea. El juego en Colombia, a menudo es un tema complejo, por lo que, si utilizas casinos en l\u00ednea, es importante que est\u00e9s al tanto de la situaci\u00f3n legal actual. Ten la seguridad de que aqu\u00ed te mantendremos informado sobre el marco legal del juego en Colombia.<\/p>\n<\/div>\n<div class=\"container\">\n<h2>Juego responsable<\/h2>\n<img decoding=\"async\" class=\"about_page__image about_page__image_right alignnone wp-image-32596 size-large\" title=\"discussion image\" src=\"https:\/\/casinoenlinea.ltd\/wp-content\/uploads\/2023\/04\/discussion-image.svg\" alt=\"discussion image\" width=\"1024\" height=\"595\" \/>\n<p>Nuestro objetivo es mantenerte seguro cuando utilices casinos en l\u00ednea, y eso incluye protegerte de ti mismo. Incluso personas con una gran autodisciplina en otros aspectos de sus vidas pueden verse afectadas por el juego problem\u00e1tico y hacemos todo lo posible para evitar que eso suceda. Ofrecemos una gran cantidad de informaci\u00f3n dise\u00f1ada para ayudarte si sientes que tu juego est\u00e1 empezando a descontrolarse, aunque sea levemente. Consulta nuestra secci\u00f3n de juego responsable como primer paso en el camino hacia la recuperaci\u00f3n, o simplemente para explorar los recursos disponibles.<\/p>\n<\/div>\n<div class=\"container\">\n<h2>Pol\u00edtica editorial<\/h2>\n<img decoding=\"async\" class=\"about_page__image about_page__image_left size-medium wp-image-36367 alignleft\" title=\"editorial policy\" src=\"https:\/\/casinoenlinea.ltd\/wp-content\/uploads\/2024\/07\/editorial-policy-3.svg\" alt=\"editorial policy\" width=\"300\" height=\"300\" \/>\n<p>Solo empleamos y trabajamos con los escritores, proveedores de contenido y analistas m\u00e1s cualificados en los campos del deporte y los juegos online. Tomamos todas las medidas posibles para asegurarnos de que toda la informaci\u00f3n que presentamos aqu\u00ed sea precisa y est\u00e9 actualizada, aunque no asumimos responsabilidad por las p\u00e9rdidas incurridas en caso de que, en raras ocasiones, dicha informaci\u00f3n no sea completamente correcta.<\/p>\n<p>Toda la informaci\u00f3n presentada se hace sin prejuicios, aunque nuestros colaboradores son naturalmente compensados por sus contribuciones. Descubre m\u00e1s sobre <a href=\"https:\/\/casinoenlinea.ltd\/our-editorial-policy\/\"  >nuestra pol\u00edtica editorial<\/a>.<\/p>\n<\/div>\n<div class=\"container\">\n<h2>Pol\u00edtica de Publicidad<\/h2>\n<img decoding=\"async\" class=\"about_page__image about_page__image_right size-medium wp-image-36375 alignright\" title=\"advertising policy\" src=\"https:\/\/casinoenlinea.ltd\/wp-content\/uploads\/2024\/07\/advertising-policy-3-1.svg\" alt=\"advertising policy\" width=\"300\" height=\"300\" \/>\n<p>Parte del contenido publicado en Casinoenlinea.ltd puede, en ocasiones, estar acompa\u00f1ado de publicidad sobre caracter\u00edsticas o casinos en l\u00ednea indicadas como apropiadas. Esto no debe tomarse como una se\u00f1al de ning\u00fan tipo de compromiso ni con la integridad de nuestros proveedores de contenido, as\u00ed como tampoco con la independencia de nuestro portal.<\/p>\n<p>Nuestro equipo comercial estar\u00e1 encantado de entablar conversaciones sobre posibles asociaciones o colocaciones publicitarias que sean apropiadas para la naturaleza de Casinoenlinea.ltd. Si esto es algo que podr\u00eda interesarte, por favor, contacta con nuestro equipo comercial.<\/p>\n<h2><strong>Ponte en contacto<\/strong><\/h2>\n<p>Para preguntas generales, comentarios y sugerencias, env\u00edanos un correo electr\u00f3nico a <a href=\"business@casinoenlinea.ltd\">business@casinoenlinea.ltd<\/a>.<\/p>\n<\/div>\n","protected":false},"excerpt":{"rendered":"<p>Casinoenlinea ha sido creado para ayudar a los usuarios a tomar la decisi\u00f3n correcta al evaluar una variedad de sitios web, plataformas, servicios y aplicaciones de casinos. Nuestro equipo de expertos de la industria se ha familiarizado con todos los detalles importantes del sector de los casinos en l\u00ednea. Nuestras tablas, listas, rese\u00f1as, gu\u00edas y &hellip; <\/p>\n","protected":false},"author":255,"featured_media":0,"parent":0,"menu_order":0,"comment_status":"closed","ping_status":"closed","template":"","meta":{"_acf_changed":false,"inline_featured_image":false,"footnotes":""},"class_list":["post-169","page","type-page","status-publish","hentry"],"acf":[],"yoast_head":"<!-- This site is optimized with the Yoast SEO plugin v27.4 - https:\/\/yoast.com\/product\/yoast-seo-wordpress\/ -->\n<title>Sobre nosotros - Colombia casinoenlinea<\/title>\n<meta name=\"description\" content=\"Conoce m\u00e1s sobre nosotros. Casinoenlinea: Expertos en sitios web, plataformas y apps de casinos en Colombia.\" \/>\n<meta name=\"robots\" content=\"index, follow, max-snippet:-1, max-image-preview:large, max-video-preview:-1\" \/>\n<link rel=\"canonical\" href=\"https:\/\/casinoenlinea.ltd\/co\/sobre-nosotros\/\" \/>\n<meta property=\"og:locale\" content=\"es_ES\" \/>\n<meta property=\"og:type\" content=\"article\" \/>\n<meta property=\"og:title\" content=\"Sobre nosotros - Colombia casinoenlinea\" \/>\n<meta property=\"og:description\" content=\"Conoce m\u00e1s sobre nosotros. Casinoenlinea: Expertos en sitios web, plataformas y apps de casinos en Colombia.\" \/>\n<meta property=\"og:url\" content=\"https:\/\/casinoenlinea.ltd\/co\/sobre-nosotros\/\" \/>\n<meta property=\"og:site_name\" content=\"Colombia casinoenlinea\" \/>\n<meta property=\"article:modified_time\" content=\"2024-09-19T07:13:55+00:00\" \/>\n<meta property=\"og:image\" content=\"https:\/\/casinoenlinea.ltd\/wp-content\/uploads\/2024\/07\/messager-image.svg\" \/>\n<meta name=\"twitter:card\" content=\"summary_large_image\" \/>\n<meta name=\"twitter:label1\" content=\"Est. reading time\" \/>\n\t<meta name=\"twitter:data1\" content=\"6 minutes\" \/>\n<script type=\"application\/ld+json\" class=\"yoast-schema-graph\">{\"@context\":\"https:\\\/\\\/schema.org\",\"@graph\":[{\"@type\":\"WebPage\",\"@id\":\"https:\\\/\\\/casinoenlinea.ltd\\\/co\\\/sobre-nosotros\\\/\",\"url\":\"https:\\\/\\\/casinoenlinea.ltd\\\/co\\\/sobre-nosotros\\\/\",\"name\":\"Sobre nosotros - Colombia casinoenlinea\",\"isPartOf\":{\"@id\":\"https:\\\/\\\/casinoenlinea.ltd\\\/co\\\/#website\"},\"primaryImageOfPage\":{\"@id\":\"https:\\\/\\\/casinoenlinea.ltd\\\/co\\\/sobre-nosotros\\\/#primaryimage\"},\"image\":{\"@id\":\"https:\\\/\\\/casinoenlinea.ltd\\\/co\\\/sobre-nosotros\\\/#primaryimage\"},\"thumbnailUrl\":\"https:\\\/\\\/casinoenlinea.ltd\\\/wp-content\\\/uploads\\\/2024\\\/07\\\/messager-image.svg\",\"datePublished\":\"2024-09-13T17:29:22+00:00\",\"dateModified\":\"2024-09-19T07:13:55+00:00\",\"description\":\"Conoce m\u00e1s sobre nosotros. Casinoenlinea: Expertos en sitios web, plataformas y apps de casinos en Colombia.\",\"breadcrumb\":{\"@id\":\"https:\\\/\\\/casinoenlinea.ltd\\\/co\\\/sobre-nosotros\\\/#breadcrumb\"},\"inLanguage\":\"en-US\",\"potentialAction\":[{\"@type\":\"ReadAction\",\"target\":[\"https:\\\/\\\/casinoenlinea.ltd\\\/co\\\/sobre-nosotros\\\/\"]}]},{\"@type\":\"ImageObject\",\"inLanguage\":\"en-US\",\"@id\":\"https:\\\/\\\/casinoenlinea.ltd\\\/co\\\/sobre-nosotros\\\/#primaryimage\",\"url\":\"https:\\\/\\\/casinoenlinea.ltd\\\/wp-content\\\/uploads\\\/2024\\\/07\\\/messager-image.svg\",\"contentUrl\":\"https:\\\/\\\/casinoenlinea.ltd\\\/wp-content\\\/uploads\\\/2024\\\/07\\\/messager-image.svg\"},{\"@type\":\"BreadcrumbList\",\"@id\":\"https:\\\/\\\/casinoenlinea.ltd\\\/co\\\/sobre-nosotros\\\/#breadcrumb\",\"itemListElement\":[{\"@type\":\"ListItem\",\"position\":1,\"name\":\"Home\",\"item\":\"https:\\\/\\\/casinoenlinea.ltd\\\/co\\\/\"},{\"@type\":\"ListItem\",\"position\":2,\"name\":\"Sobre nosotros\"}]},{\"@type\":\"WebSite\",\"@id\":\"https:\\\/\\\/casinoenlinea.ltd\\\/co\\\/#website\",\"url\":\"https:\\\/\\\/casinoenlinea.ltd\\\/co\\\/\",\"name\":\"Colombia casinoenlinea\",\"description\":\"\",\"publisher\":{\"@id\":\"https:\\\/\\\/casinoenlinea.ltd\\\/co\\\/#organization\"},\"potentialAction\":[{\"@type\":\"SearchAction\",\"target\":{\"@type\":\"EntryPoint\",\"urlTemplate\":\"https:\\\/\\\/casinoenlinea.ltd\\\/co\\\/?s={search_term_string}\"},\"query-input\":{\"@type\":\"PropertyValueSpecification\",\"valueRequired\":true,\"valueName\":\"search_term_string\"}}],\"inLanguage\":\"en-US\"},{\"@type\":\"Organization\",\"@id\":\"https:\\\/\\\/casinoenlinea.ltd\\\/co\\\/#organization\",\"name\":\"Colombia casinoenlinea\",\"url\":\"https:\\\/\\\/casinoenlinea.ltd\\\/co\\\/\",\"logo\":{\"@type\":\"ImageObject\",\"inLanguage\":\"en-US\",\"@id\":\"https:\\\/\\\/casinoenlinea.ltd\\\/co\\\/#\\\/schema\\\/logo\\\/image\\\/\",\"url\":\"https:\\\/\\\/casinoenlinea.ltd\\\/co\\\/wp-content\\\/uploads\\\/sites\\\/64\\\/2024\\\/08\\\/OnDark.svg\",\"contentUrl\":\"https:\\\/\\\/casinoenlinea.ltd\\\/co\\\/wp-content\\\/uploads\\\/sites\\\/64\\\/2024\\\/08\\\/OnDark.svg\",\"width\":204,\"height\":40,\"caption\":\"Colombia casinoenlinea\"},\"image\":{\"@id\":\"https:\\\/\\\/casinoenlinea.ltd\\\/co\\\/#\\\/schema\\\/logo\\\/image\\\/\"}}]}<\/script>\n<!-- \/ Yoast SEO plugin. -->","yoast_head_json":{"title":"Sobre nosotros - Colombia casinoenlinea","description":"Conoce m\u00e1s sobre nosotros. Casinoenlinea: Expertos en sitios web, plataformas y apps de casinos en Colombia.","robots":{"index":"index","follow":"follow","max-snippet":"max-snippet:-1","max-image-preview":"max-image-preview:large","max-video-preview":"max-video-preview:-1"},"canonical":"https:\/\/casinoenlinea.ltd\/co\/sobre-nosotros\/","og_locale":"es_ES","og_type":"article","og_title":"Sobre nosotros - Colombia casinoenlinea","og_description":"Conoce m\u00e1s sobre nosotros. Casinoenlinea: Expertos en sitios web, plataformas y apps de casinos en Colombia.","og_url":"https:\/\/casinoenlinea.ltd\/co\/sobre-nosotros\/","og_site_name":"Colombia casinoenlinea","article_modified_time":"2024-09-19T07:13:55+00:00","og_image":[{"url":"https:\/\/casinoenlinea.ltd\/wp-content\/uploads\/2024\/07\/messager-image.svg","type":"","width":"","height":""}],"twitter_card":"summary_large_image","twitter_misc":{"Est. reading time":"6 minutes"},"schema":{"@context":"https:\/\/schema.org","@graph":[{"@type":"WebPage","@id":"https:\/\/casinoenlinea.ltd\/co\/sobre-nosotros\/","url":"https:\/\/casinoenlinea.ltd\/co\/sobre-nosotros\/","name":"Sobre nosotros - Colombia casinoenlinea","isPartOf":{"@id":"https:\/\/casinoenlinea.ltd\/co\/#website"},"primaryImageOfPage":{"@id":"https:\/\/casinoenlinea.ltd\/co\/sobre-nosotros\/#primaryimage"},"image":{"@id":"https:\/\/casinoenlinea.ltd\/co\/sobre-nosotros\/#primaryimage"},"thumbnailUrl":"https:\/\/casinoenlinea.ltd\/wp-content\/uploads\/2024\/07\/messager-image.svg","datePublished":"2024-09-13T17:29:22+00:00","dateModified":"2024-09-19T07:13:55+00:00","description":"Conoce m\u00e1s sobre nosotros. Casinoenlinea: Expertos en sitios web, plataformas y apps de casinos en Colombia.","breadcrumb":{"@id":"https:\/\/casinoenlinea.ltd\/co\/sobre-nosotros\/#breadcrumb"},"inLanguage":"en-US","potentialAction":[{"@type":"ReadAction","target":["https:\/\/casinoenlinea.ltd\/co\/sobre-nosotros\/"]}]},{"@type":"ImageObject","inLanguage":"en-US","@id":"https:\/\/casinoenlinea.ltd\/co\/sobre-nosotros\/#primaryimage","url":"https:\/\/casinoenlinea.ltd\/wp-content\/uploads\/2024\/07\/messager-image.svg","contentUrl":"https:\/\/casinoenlinea.ltd\/wp-content\/uploads\/2024\/07\/messager-image.svg"},{"@type":"BreadcrumbList","@id":"https:\/\/casinoenlinea.ltd\/co\/sobre-nosotros\/#breadcrumb","itemListElement":[{"@type":"ListItem","position":1,"name":"Home","item":"https:\/\/casinoenlinea.ltd\/co\/"},{"@type":"ListItem","position":2,"name":"Sobre nosotros"}]},{"@type":"WebSite","@id":"https:\/\/casinoenlinea.ltd\/co\/#website","url":"https:\/\/casinoenlinea.ltd\/co\/","name":"Colombia casinoenlinea","description":"","publisher":{"@id":"https:\/\/casinoenlinea.ltd\/co\/#organization"},"potentialAction":[{"@type":"SearchAction","target":{"@type":"EntryPoint","urlTemplate":"https:\/\/casinoenlinea.ltd\/co\/?s={search_term_string}"},"query-input":{"@type":"PropertyValueSpecification","valueRequired":true,"valueName":"search_term_string"}}],"inLanguage":"en-US"},{"@type":"Organization","@id":"https:\/\/casinoenlinea.ltd\/co\/#organization","name":"Colombia casinoenlinea","url":"https:\/\/casinoenlinea.ltd\/co\/","logo":{"@type":"ImageObject","inLanguage":"en-US","@id":"https:\/\/casinoenlinea.ltd\/co\/#\/schema\/logo\/image\/","url":"https:\/\/casinoenlinea.ltd\/co\/wp-content\/uploads\/sites\/64\/2024\/08\/OnDark.svg","contentUrl":"https:\/\/casinoenlinea.ltd\/co\/wp-content\/uploads\/sites\/64\/2024\/08\/OnDark.svg","width":204,"height":40,"caption":"Colombia casinoenlinea"},"image":{"@id":"https:\/\/casinoenlinea.ltd\/co\/#\/schema\/logo\/image\/"}}]}},"_links":{"self":[{"href":"https:\/\/casinoenlinea.ltd\/co\/wp-json\/wp\/v2\/pages\/169","targetHints":{"allow":["GET"]}}],"collection":[{"href":"https:\/\/casinoenlinea.ltd\/co\/wp-json\/wp\/v2\/pages"}],"about":[{"href":"https:\/\/casinoenlinea.ltd\/co\/wp-json\/wp\/v2\/types\/page"}],"author":[{"embeddable":true,"href":"https:\/\/casinoenlinea.ltd\/co\/wp-json\/wp\/v2\/users\/255"}],"replies":[{"embeddable":true,"href":"https:\/\/casinoenlinea.ltd\/co\/wp-json\/wp\/v2\/comments?post=169"}],"version-history":[{"count":5,"href":"https:\/\/casinoenlinea.ltd\/co\/wp-json\/wp\/v2\/pages\/169\/revisions"}],"predecessor-version":[{"id":213,"href":"https:\/\/casinoenlinea.ltd\/co\/wp-json\/wp\/v2\/pages\/169\/revisions\/213"}],"wp:attachment":[{"href":"https:\/\/casinoenlinea.ltd\/co\/wp-json\/wp\/v2\/media?parent=169"}],"curies":[{"name":"wp","href":"https:\/\/api.w.org\/{rel}","templated":true}]}}